{"id":747,"date":"2023-03-29T10:09:31","date_gmt":"2023-03-29T15:09:31","guid":{"rendered":"https:\/\/speednetsoluciones.com\/?page_id=747"},"modified":"2023-04-21T11:14:44","modified_gmt":"2023-04-21T16:14:44","slug":"ucontact","status":"publish","type":"page","link":"https:\/\/speednetsoluciones.com\/index.php\/ucontact\/","title":{"rendered":"uContact"},"content":{"rendered":"\t\t<div data-elementor-type=\"wp-page\" data-elementor-id=\"747\" class=\"elementor elementor-747\">\n\t\t\t\t\t\t\t\t\t<section class=\"elementor-section elementor-top-section elementor-element elementor-element-96392bf elementor-section-boxed elementor-section-height-default elementor-section-height-default\" data-id=\"96392bf\" data-element_type=\"section\">\n\t\t\t\t\t\t<div class=\"elementor-container elementor-column-gap-default\">\n\t\t\t\t\t<div class=\"elementor-column elementor-col-100 elementor-top-column elementor-element elementor-element-db5983c\" data-id=\"db5983c\" data-element_type=\"column\">\n\t\t\t<div class=\"elementor-widget-wrap elementor-element-populated\">\n\t\t\t\t\t\t\t\t<div class=\"elementor-element elementor-element-daaa924 elementor-widget elementor-widget-text-editor\" data-id=\"daaa924\" data-element_type=\"widget\" data-widget_type=\"text-editor.default\">\n\t\t\t\t<div class=\"elementor-widget-container\">\n\t\t\t<style>\/*! elementor - v3.12.2 - 23-04-2023 *\/\n.elementor-widget-text-editor.elementor-drop-cap-view-stacked .elementor-drop-cap{background-color:#69727d;color:#fff}.elementor-widget-text-editor.elementor-drop-cap-view-framed .elementor-drop-cap{color:#69727d;border:3px solid;background-color:transparent}.elementor-widget-text-editor:not(.elementor-drop-cap-view-default) .elementor-drop-cap{margin-top:8px}.elementor-widget-text-editor:not(.elementor-drop-cap-view-default) .elementor-drop-cap-letter{width:1em;height:1em}.elementor-widget-text-editor .elementor-drop-cap{float:left;text-align:center;line-height:1;font-size:50px}.elementor-widget-text-editor .elementor-drop-cap-letter{display:inline-block}<\/style>\t\t\t\t<p>Optimiza tu atenci\u00f3n al cliente con nuestra soluci\u00f3n omnicanal completa de Contact Center. Personalizable, flexible y escalable, nuestra plataforma cuenta con funciones avanzadas embebidas para tu operaci\u00f3n, lo que garantiza un servicio de alta fiabilidad y confiabilidad para tus clientes. Con la grabaci\u00f3n de llamadas, PBX con audio, video y softphone, IVR, y la omnicanalidad a trav\u00e9s de SMS, Webchat, email, Instagram, Facebook y WhatsApp, brindamos una experiencia de atenci\u00f3n al cliente de primer nivel. Adem\u00e1s, nuestra soluci\u00f3n ofrece monitoreo y supervisi\u00f3n en tiempo real, control de calidad, datos anal\u00edticos, herramientas de dise\u00f1o de flujos de atenci\u00f3n y dise\u00f1o de formularios. Todo esto, respaldado por nuestro servicio Tier 1 carrier. \u00a1Lleva tu Contact Center al siguiente nivel con nuestra soluci\u00f3n completa y conf\u00eda en nosotros para brindar la mejor atenci\u00f3n al cliente!<\/p>\t\t\t\t\t\t<\/div>\n\t\t\t\t<\/div>\n\t\t\t\t\t<\/div>\n\t\t<\/div>\n\t\t\t\t\t\t\t<\/div>\n\t\t<\/section>\n\t\t\t\t<section class=\"elementor-section elementor-top-section elementor-element elementor-element-6522a93 elementor-section-boxed elementor-section-height-default elementor-section-height-default\" data-id=\"6522a93\" data-element_type=\"section\">\n\t\t\t\t\t\t<div class=\"elementor-container elementor-column-gap-default\">\n\t\t\t\t\t<div class=\"elementor-column elementor-col-50 elementor-top-column elementor-element elementor-element-521373d\" data-id=\"521373d\" data-element_type=\"column\">\n\t\t\t<div class=\"elementor-widget-wrap elementor-element-populated\">\n\t\t\t\t\t\t\t\t<div class=\"elementor-element elementor-element-4397214 elementor-widget elementor-widget-image\" data-id=\"4397214\" data-element_type=\"widget\" data-widget_type=\"image.default\">\n\t\t\t\t<div class=\"elementor-widget-container\">\n\t\t\t<style>\/*! elementor - v3.12.2 - 23-04-2023 *\/\n.elementor-widget-image{text-align:center}.elementor-widget-image a{display:inline-block}.elementor-widget-image a img[src$=\".svg\"]{width:48px}.elementor-widget-image img{vertical-align:middle;display:inline-block}<\/style>\t\t\t\t\t\t\t\t\t\t\t\t<img loading=\"lazy\" decoding=\"async\" width=\"300\" height=\"169\" src=\"https:\/\/speednetsoluciones.com\/wp-content\/uploads\/2023\/03\/ucontact2-300x169.jpeg\" class=\"attachment-medium size-medium wp-image-754\" alt=\"\" srcset=\"https:\/\/speednetsoluciones.com\/wp-content\/uploads\/2023\/03\/ucontact2-300x169.jpeg 300w, https:\/\/speednetsoluciones.com\/wp-content\/uploads\/2023\/03\/ucontact2-1024x575.jpeg 1024w, https:\/\/speednetsoluciones.com\/wp-content\/uploads\/2023\/03\/ucontact2-768x432.jpeg 768w, https:\/\/speednetsoluciones.com\/wp-content\/uploads\/2023\/03\/ucontact2-1536x863.jpeg 1536w, https:\/\/speednetsoluciones.com\/wp-content\/uploads\/2023\/03\/ucontact2.jpeg 1600w\" sizes=\"(max-width: 300px) 100vw, 300px\" \/>\t\t\t\t\t\t\t\t\t\t\t\t\t\t\t<\/div>\n\t\t\t\t<\/div>\n\t\t\t\t\t<\/div>\n\t\t<\/div>\n\t\t\t\t<div class=\"elementor-column elementor-col-50 elementor-top-column elementor-element elementor-element-cbe405e\" data-id=\"cbe405e\" data-element_type=\"column\">\n\t\t\t<div class=\"elementor-widget-wrap elementor-element-populated\">\n\t\t\t\t\t\t\t\t<div class=\"elementor-element elementor-element-fcb4cd2 elementor-widget elementor-widget-image\" data-id=\"fcb4cd2\" data-element_type=\"widget\" data-widget_type=\"image.default\">\n\t\t\t\t<div class=\"elementor-widget-container\">\n\t\t\t\t\t\t\t\t\t\t\t\t\t\t\t<img loading=\"lazy\" decoding=\"async\" width=\"300\" height=\"168\" src=\"https:\/\/speednetsoluciones.com\/wp-content\/uploads\/2023\/03\/ucontact1-300x168.jpeg\" class=\"attachment-medium size-medium wp-image-753\" alt=\"\" srcset=\"https:\/\/speednetsoluciones.com\/wp-content\/uploads\/2023\/03\/ucontact1-300x168.jpeg 300w, https:\/\/speednetsoluciones.com\/wp-content\/uploads\/2023\/03\/ucontact1-1024x573.jpeg 1024w, https:\/\/speednetsoluciones.com\/wp-content\/uploads\/2023\/03\/ucontact1-768x430.jpeg 768w, https:\/\/speednetsoluciones.com\/wp-content\/uploads\/2023\/03\/ucontact1-1536x860.jpeg 1536w, https:\/\/speednetsoluciones.com\/wp-content\/uploads\/2023\/03\/ucontact1.jpeg 1600w\" sizes=\"(max-width: 300px) 100vw, 300px\" \/>\t\t\t\t\t\t\t\t\t\t\t\t\t\t\t<\/div>\n\t\t\t\t<\/div>\n\t\t\t\t\t<\/div>\n\t\t<\/div>\n\t\t\t\t\t\t\t<\/div>\n\t\t<\/section>\n\t\t\t\t<section class=\"elementor-section elementor-top-section elementor-element elementor-element-8f40bc0 elementor-section-boxed elementor-section-height-default elementor-section-height-default\" data-id=\"8f40bc0\" data-element_type=\"section\">\n\t\t\t\t\t\t<div class=\"elementor-container elementor-column-gap-default\">\n\t\t\t\t\t<div class=\"elementor-column elementor-col-100 elementor-top-column elementor-element elementor-element-4341648\" data-id=\"4341648\" data-element_type=\"column\">\n\t\t\t<div class=\"elementor-widget-wrap elementor-element-populated\">\n\t\t\t\t\t\t\t\t<div class=\"elementor-element elementor-element-764c9fd elementor-align-right elementor-widget elementor-widget-button\" data-id=\"764c9fd\" data-element_type=\"widget\" data-widget_type=\"button.default\">\n\t\t\t\t<div class=\"elementor-widget-container\">\n\t\t\t\t\t<div class=\"elementor-button-wrapper\">\n\t\t\t<a href=\"https:\/\/speednetsoluciones.com\/index.php\/call-center-y-contact-center\/\" class=\"elementor-button-link elementor-button elementor-size-sm\" role=\"button\">\n\t\t\t\t\t\t<span class=\"elementor-button-content-wrapper\">\n\t\t\t\t\t\t\t<span class=\"elementor-button-icon elementor-align-icon-left\">\n\t\t\t\t<i aria-hidden=\"true\" class=\"fas fa-backward\"><\/i>\t\t\t<\/span>\n\t\t\t\t\t\t<span class=\"elementor-button-text\">Volver<\/span>\n\t\t<\/span>\n\t\t\t\t\t<\/a>\n\t\t<\/div>\n\t\t\t\t<\/div>\n\t\t\t\t<\/div>\n\t\t\t\t\t<\/div>\n\t\t<\/div>\n\t\t\t\t\t\t\t<\/div>\n\t\t<\/section>\n\t\t\t\t\t\t\t<\/div>\n\t\t","protected":false},"excerpt":{"rendered":"<p>Optimiza tu atenci\u00f3n al cliente con nuestra soluci\u00f3n omnicanal completa de Contact Center. Personalizable, flexible y escalable, nuestra plataforma cuenta con funciones avanzadas embebidas para tu operaci\u00f3n, lo que garantiza un servicio de alta fiabilidad y confiabilidad para tus clientes. Con la grabaci\u00f3n de llamadas, PBX con audio, video y softphone, IVR, y la omnicanalidad [&hellip;]<\/p>\n","protected":false},"author":2,"featured_media":0,"parent":0,"menu_order":0,"comment_status":"closed","ping_status":"closed","template":"","meta":{"footnotes":""},"_links":{"self":[{"href":"https:\/\/speednetsoluciones.com\/index.php\/wp-json\/wp\/v2\/pages\/747"}],"collection":[{"href":"https:\/\/speednetsoluciones.com\/index.php\/wp-json\/wp\/v2\/pages"}],"about":[{"href":"https:\/\/speednetsoluciones.com\/index.php\/wp-json\/wp\/v2\/types\/page"}],"author":[{"embeddable":true,"href":"https:\/\/speednetsoluciones.com\/index.php\/wp-json\/wp\/v2\/users\/2"}],"replies":[{"embeddable":true,"href":"https:\/\/speednetsoluciones.com\/index.php\/wp-json\/wp\/v2\/comments?post=747"}],"version-history":[{"count":10,"href":"https:\/\/speednetsoluciones.com\/index.php\/wp-json\/wp\/v2\/pages\/747\/revisions"}],"predecessor-version":[{"id":1043,"href":"https:\/\/speednetsoluciones.com\/index.php\/wp-json\/wp\/v2\/pages\/747\/revisions\/1043"}],"wp:attachment":[{"href":"https:\/\/speednetsoluciones.com\/index.php\/wp-json\/wp\/v2\/media?parent=747"}],"curies":[{"name":"wp","href":"https:\/\/api.w.org\/{rel}","templated":true}]}}