{"id":353,"date":"2023-03-23T16:43:20","date_gmt":"2023-03-23T21:43:20","guid":{"rendered":"https:\/\/speednetsoluciones.com\/?page_id=353"},"modified":"2023-03-29T11:56:57","modified_gmt":"2023-03-29T16:56:57","slug":"servicio-outsourcing-de-profesionales-de-ti","status":"publish","type":"page","link":"https:\/\/speednetsoluciones.com\/index.php\/servicio-outsourcing-de-profesionales-de-ti\/","title":{"rendered":"Servicio outsourcing de profesionales de TI"},"content":{"rendered":"\t\t<div data-elementor-type=\"wp-page\" data-elementor-id=\"353\" class=\"elementor elementor-353\">\n\t\t\t\t\t\t\t\t\t<section class=\"elementor-section elementor-top-section elementor-element elementor-element-d409e03 elementor-section-boxed elementor-section-height-default elementor-section-height-default\" data-id=\"d409e03\" data-element_type=\"section\">\n\t\t\t\t\t\t<div class=\"elementor-container elementor-column-gap-default\">\n\t\t\t\t\t<div class=\"elementor-column elementor-col-50 elementor-top-column elementor-element elementor-element-40b8f40\" data-id=\"40b8f40\" data-element_type=\"column\">\n\t\t\t<div class=\"elementor-widget-wrap elementor-element-populated\">\n\t\t\t\t\t\t\t\t<div class=\"elementor-element elementor-element-ae6b807 elementor-widget elementor-widget-text-editor\" data-id=\"ae6b807\" data-element_type=\"widget\" data-widget_type=\"text-editor.default\">\n\t\t\t\t<div class=\"elementor-widget-container\">\n\t\t\t<style>\/*! elementor - v3.12.2 - 23-04-2023 *\/\n.elementor-widget-text-editor.elementor-drop-cap-view-stacked .elementor-drop-cap{background-color:#69727d;color:#fff}.elementor-widget-text-editor.elementor-drop-cap-view-framed .elementor-drop-cap{color:#69727d;border:3px solid;background-color:transparent}.elementor-widget-text-editor:not(.elementor-drop-cap-view-default) .elementor-drop-cap{margin-top:8px}.elementor-widget-text-editor:not(.elementor-drop-cap-view-default) .elementor-drop-cap-letter{width:1em;height:1em}.elementor-widget-text-editor .elementor-drop-cap{float:left;text-align:center;line-height:1;font-size:50px}.elementor-widget-text-editor .elementor-drop-cap-letter{display:inline-block}<\/style>\t\t\t\t<p>Ponemos a su disposici\u00f3n un equipo de ingenieros y t\u00e9cnicos calificados preparados para afrontar sus necesidades, entregando as\u00ed un servicio de calidad. Podemos apoyarlo en cualquier parte de su operaci\u00f3n como mesas de ayuda, operadores y gestores de servicios o gestores de proyectos de TI. Nos aseguramos de cumplir con los skills adecuados a sus necesidades.<\/p>\t\t\t\t\t\t<\/div>\n\t\t\t\t<\/div>\n\t\t\t\t\t<\/div>\n\t\t<\/div>\n\t\t\t\t<div class=\"elementor-column elementor-col-50 elementor-top-column elementor-element elementor-element-f896484\" data-id=\"f896484\" data-element_type=\"column\">\n\t\t\t<div class=\"elementor-widget-wrap elementor-element-populated\">\n\t\t\t\t\t\t\t\t<div class=\"elementor-element elementor-element-1782660 elementor-widget elementor-widget-image\" data-id=\"1782660\" data-element_type=\"widget\" data-widget_type=\"image.default\">\n\t\t\t\t<div class=\"elementor-widget-container\">\n\t\t\t<style>\/*! elementor - v3.12.2 - 23-04-2023 *\/\n.elementor-widget-image{text-align:center}.elementor-widget-image a{display:inline-block}.elementor-widget-image a img[src$=\".svg\"]{width:48px}.elementor-widget-image img{vertical-align:middle;display:inline-block}<\/style>\t\t\t\t\t\t\t\t\t\t\t\t<img loading=\"lazy\" decoding=\"async\" width=\"800\" height=\"534\" src=\"https:\/\/speednetsoluciones.com\/wp-content\/uploads\/2023\/03\/Out-n1-1024x683.jpg\" class=\"attachment-large size-large wp-image-652\" alt=\"\" srcset=\"https:\/\/speednetsoluciones.com\/wp-content\/uploads\/2023\/03\/Out-n1-1024x683.jpg 1024w, https:\/\/speednetsoluciones.com\/wp-content\/uploads\/2023\/03\/Out-n1-300x200.jpg 300w, https:\/\/speednetsoluciones.com\/wp-content\/uploads\/2023\/03\/Out-n1-768x512.jpg 768w, https:\/\/speednetsoluciones.com\/wp-content\/uploads\/2023\/03\/Out-n1-1536x1024.jpg 1536w, https:\/\/speednetsoluciones.com\/wp-content\/uploads\/2023\/03\/Out-n1.jpg 1920w\" sizes=\"(max-width: 800px) 100vw, 800px\" \/>\t\t\t\t\t\t\t\t\t\t\t\t\t\t\t<\/div>\n\t\t\t\t<\/div>\n\t\t\t\t\t<\/div>\n\t\t<\/div>\n\t\t\t\t\t\t\t<\/div>\n\t\t<\/section>\n\t\t\t\t<section class=\"elementor-section elementor-top-section elementor-element elementor-element-0c20242 elementor-section-boxed elementor-section-height-default elementor-section-height-default\" data-id=\"0c20242\" data-element_type=\"section\">\n\t\t\t\t\t\t<div class=\"elementor-container elementor-column-gap-default\">\n\t\t\t\t\t<div class=\"elementor-column elementor-col-100 elementor-top-column elementor-element elementor-element-d3b4206\" data-id=\"d3b4206\" data-element_type=\"column\">\n\t\t\t<div class=\"elementor-widget-wrap elementor-element-populated\">\n\t\t\t\t\t\t\t\t<div class=\"elementor-element elementor-element-181e08a elementor-align-right elementor-widget elementor-widget-button\" data-id=\"181e08a\" data-element_type=\"widget\" data-widget_type=\"button.default\">\n\t\t\t\t<div class=\"elementor-widget-container\">\n\t\t\t\t\t<div class=\"elementor-button-wrapper\">\n\t\t\t<a href=\"https:\/\/speednetsoluciones.com\/index.php\/servicios\/\" class=\"elementor-button-link elementor-button elementor-size-sm\" role=\"button\">\n\t\t\t\t\t\t<span class=\"elementor-button-content-wrapper\">\n\t\t\t\t\t\t\t<span class=\"elementor-button-icon elementor-align-icon-left\">\n\t\t\t\t<i aria-hidden=\"true\" class=\"fas fa-backward\"><\/i>\t\t\t<\/span>\n\t\t\t\t\t\t<span class=\"elementor-button-text\">Volver<\/span>\n\t\t<\/span>\n\t\t\t\t\t<\/a>\n\t\t<\/div>\n\t\t\t\t<\/div>\n\t\t\t\t<\/div>\n\t\t\t\t\t<\/div>\n\t\t<\/div>\n\t\t\t\t\t\t\t<\/div>\n\t\t<\/section>\n\t\t\t\t\t\t\t<\/div>\n\t\t","protected":false},"excerpt":{"rendered":"<p>Ponemos a su disposici\u00f3n un equipo de ingenieros y t\u00e9cnicos calificados preparados para afrontar sus necesidades, entregando as\u00ed un servicio de calidad. Podemos apoyarlo en cualquier parte de su operaci\u00f3n como mesas de ayuda, operadores y gestores de servicios o gestores de proyectos de TI. Nos aseguramos de cumplir con los skills adecuados a sus [&hellip;]<\/p>\n","protected":false},"author":2,"featured_media":0,"parent":0,"menu_order":0,"comment_status":"closed","ping_status":"closed","template":"","meta":{"footnotes":""},"_links":{"self":[{"href":"https:\/\/speednetsoluciones.com\/index.php\/wp-json\/wp\/v2\/pages\/353"}],"collection":[{"href":"https:\/\/speednetsoluciones.com\/index.php\/wp-json\/wp\/v2\/pages"}],"about":[{"href":"https:\/\/speednetsoluciones.com\/index.php\/wp-json\/wp\/v2\/types\/page"}],"author":[{"embeddable":true,"href":"https:\/\/speednetsoluciones.com\/index.php\/wp-json\/wp\/v2\/users\/2"}],"replies":[{"embeddable":true,"href":"https:\/\/speednetsoluciones.com\/index.php\/wp-json\/wp\/v2\/comments?post=353"}],"version-history":[{"count":22,"href":"https:\/\/speednetsoluciones.com\/index.php\/wp-json\/wp\/v2\/pages\/353\/revisions"}],"predecessor-version":[{"id":915,"href":"https:\/\/speednetsoluciones.com\/index.php\/wp-json\/wp\/v2\/pages\/353\/revisions\/915"}],"wp:attachment":[{"href":"https:\/\/speednetsoluciones.com\/index.php\/wp-json\/wp\/v2\/media?parent=353"}],"curies":[{"name":"wp","href":"https:\/\/api.w.org\/{rel}","templated":true}]}}