{"id":344,"date":"2023-03-23T16:34:36","date_gmt":"2023-03-23T21:34:36","guid":{"rendered":"https:\/\/speednetsoluciones.com\/?page_id=344"},"modified":"2023-03-29T11:44:22","modified_gmt":"2023-03-29T16:44:22","slug":"servicios","status":"publish","type":"page","link":"https:\/\/speednetsoluciones.com\/index.php\/servicios\/","title":{"rendered":"Servicios"},"content":{"rendered":"\t\t<div data-elementor-type=\"wp-page\" data-elementor-id=\"344\" class=\"elementor elementor-344\">\n\t\t\t\t\t\t\t\t\t<section class=\"elementor-section elementor-top-section elementor-element elementor-element-63abdf1 elementor-section-boxed elementor-section-height-default elementor-section-height-default\" data-id=\"63abdf1\" data-element_type=\"section\">\n\t\t\t\t\t\t<div class=\"elementor-container elementor-column-gap-default\">\n\t\t\t\t\t<div class=\"elementor-column elementor-col-25 elementor-top-column elementor-element elementor-element-d0dc51f\" data-id=\"d0dc51f\" data-element_type=\"column\">\n\t\t\t<div class=\"elementor-widget-wrap elementor-element-populated\">\n\t\t\t\t\t\t\t\t<div class=\"elementor-element elementor-element-dc931dc elementor-widget elementor-widget-image\" data-id=\"dc931dc\" data-element_type=\"widget\" data-widget_type=\"image.default\">\n\t\t\t\t<div class=\"elementor-widget-container\">\n\t\t\t<style>\/*! elementor - v3.12.2 - 23-04-2023 *\/\n.elementor-widget-image{text-align:center}.elementor-widget-image a{display:inline-block}.elementor-widget-image a img[src$=\".svg\"]{width:48px}.elementor-widget-image img{vertical-align:middle;display:inline-block}<\/style>\t\t\t\t\t\t\t\t\t\t\t\t\t<a href=\"https:\/\/speednetsoluciones.com\/index.php\/transformacion-digital\/\">\n\t\t\t\t\t\t\t<img loading=\"lazy\" decoding=\"async\" width=\"800\" height=\"385\" src=\"https:\/\/speednetsoluciones.com\/wp-content\/uploads\/2023\/03\/transdigi2-1024x493.jpeg\" class=\"attachment-large size-large wp-image-860\" alt=\"\" srcset=\"https:\/\/speednetsoluciones.com\/wp-content\/uploads\/2023\/03\/transdigi2-1024x493.jpeg 1024w, https:\/\/speednetsoluciones.com\/wp-content\/uploads\/2023\/03\/transdigi2-300x144.jpeg 300w, https:\/\/speednetsoluciones.com\/wp-content\/uploads\/2023\/03\/transdigi2-768x370.jpeg 768w, https:\/\/speednetsoluciones.com\/wp-content\/uploads\/2023\/03\/transdigi2.jpeg 1280w\" sizes=\"(max-width: 800px) 100vw, 800px\" \/>\t\t\t\t\t\t\t\t<\/a>\n\t\t\t\t\t\t\t\t\t\t\t\t\t\t\t<\/div>\n\t\t\t\t<\/div>\n\t\t\t\t\t<\/div>\n\t\t<\/div>\n\t\t\t\t<div class=\"elementor-column elementor-col-25 elementor-top-column elementor-element elementor-element-fb5a7e6\" data-id=\"fb5a7e6\" data-element_type=\"column\">\n\t\t\t<div class=\"elementor-widget-wrap elementor-element-populated\">\n\t\t\t\t\t\t\t\t<div class=\"elementor-element elementor-element-e47fe9c elementor-widget elementor-widget-image\" data-id=\"e47fe9c\" data-element_type=\"widget\" data-widget_type=\"image.default\">\n\t\t\t\t<div class=\"elementor-widget-container\">\n\t\t\t\t\t\t\t\t\t\t\t\t\t\t\t\t<a href=\"https:\/\/speednetsoluciones.com\/index.php\/servicio-outsourcing-de-profesionales-de-ti\/\">\n\t\t\t\t\t\t\t<img loading=\"lazy\" decoding=\"async\" width=\"800\" height=\"534\" src=\"https:\/\/speednetsoluciones.com\/wp-content\/uploads\/2023\/03\/Out-n2-1024x683.jpg\" class=\"attachment-large size-large wp-image-653\" alt=\"\" srcset=\"https:\/\/speednetsoluciones.com\/wp-content\/uploads\/2023\/03\/Out-n2-1024x683.jpg 1024w, https:\/\/speednetsoluciones.com\/wp-content\/uploads\/2023\/03\/Out-n2-300x200.jpg 300w, https:\/\/speednetsoluciones.com\/wp-content\/uploads\/2023\/03\/Out-n2-768x512.jpg 768w, https:\/\/speednetsoluciones.com\/wp-content\/uploads\/2023\/03\/Out-n2-1536x1024.jpg 1536w, https:\/\/speednetsoluciones.com\/wp-content\/uploads\/2023\/03\/Out-n2.jpg 1920w\" sizes=\"(max-width: 800px) 100vw, 800px\" \/>\t\t\t\t\t\t\t\t<\/a>\n\t\t\t\t\t\t\t\t\t\t\t\t\t\t\t<\/div>\n\t\t\t\t<\/div>\n\t\t\t\t\t<\/div>\n\t\t<\/div>\n\t\t\t\t<div class=\"elementor-column elementor-col-25 elementor-top-column elementor-element elementor-element-9e57107\" data-id=\"9e57107\" data-element_type=\"column\">\n\t\t\t<div class=\"elementor-widget-wrap elementor-element-populated\">\n\t\t\t\t\t\t\t\t<div class=\"elementor-element elementor-element-5490361 elementor-widget elementor-widget-image\" data-id=\"5490361\" data-element_type=\"widget\" data-widget_type=\"image.default\">\n\t\t\t\t<div class=\"elementor-widget-container\">\n\t\t\t\t\t\t\t\t\t\t\t\t\t\t\t\t<a href=\"https:\/\/speednetsoluciones.com\/index.php\/consultoria-informatica\/\">\n\t\t\t\t\t\t\t<img loading=\"lazy\" decoding=\"async\" width=\"800\" height=\"534\" src=\"https:\/\/speednetsoluciones.com\/wp-content\/uploads\/2023\/03\/con2-1024x683.jpg\" class=\"attachment-large size-large wp-image-611\" alt=\"\" srcset=\"https:\/\/speednetsoluciones.com\/wp-content\/uploads\/2023\/03\/con2-1024x683.jpg 1024w, https:\/\/speednetsoluciones.com\/wp-content\/uploads\/2023\/03\/con2-300x200.jpg 300w, https:\/\/speednetsoluciones.com\/wp-content\/uploads\/2023\/03\/con2-768x512.jpg 768w, https:\/\/speednetsoluciones.com\/wp-content\/uploads\/2023\/03\/con2-1536x1024.jpg 1536w, https:\/\/speednetsoluciones.com\/wp-content\/uploads\/2023\/03\/con2-2048x1365.jpg 2048w\" sizes=\"(max-width: 800px) 100vw, 800px\" \/>\t\t\t\t\t\t\t\t<\/a>\n\t\t\t\t\t\t\t\t\t\t\t\t\t\t\t<\/div>\n\t\t\t\t<\/div>\n\t\t\t\t\t<\/div>\n\t\t<\/div>\n\t\t\t\t<div class=\"elementor-column elementor-col-25 elementor-top-column elementor-element elementor-element-9bc5709\" data-id=\"9bc5709\" data-element_type=\"column\">\n\t\t\t<div class=\"elementor-widget-wrap elementor-element-populated\">\n\t\t\t\t\t\t\t\t<div class=\"elementor-element elementor-element-c4c24ce elementor-widget elementor-widget-image\" data-id=\"c4c24ce\" data-element_type=\"widget\" data-widget_type=\"image.default\">\n\t\t\t\t<div class=\"elementor-widget-container\">\n\t\t\t\t\t\t\t\t\t\t\t\t\t\t\t\t<a href=\"https:\/\/speednetsoluciones.com\/index.php\/desarrollo-de-software\/\">\n\t\t\t\t\t\t\t<img loading=\"lazy\" decoding=\"async\" width=\"800\" height=\"534\" src=\"https:\/\/speednetsoluciones.com\/wp-content\/uploads\/2023\/03\/dsw-1-1024x683.jpg\" class=\"attachment-large size-large wp-image-614\" alt=\"\" srcset=\"https:\/\/speednetsoluciones.com\/wp-content\/uploads\/2023\/03\/dsw-1-1024x683.jpg 1024w, https:\/\/speednetsoluciones.com\/wp-content\/uploads\/2023\/03\/dsw-1-300x200.jpg 300w, https:\/\/speednetsoluciones.com\/wp-content\/uploads\/2023\/03\/dsw-1-768x512.jpg 768w, https:\/\/speednetsoluciones.com\/wp-content\/uploads\/2023\/03\/dsw-1-1536x1024.jpg 1536w, https:\/\/speednetsoluciones.com\/wp-content\/uploads\/2023\/03\/dsw-1-2048x1365.jpg 2048w\" sizes=\"(max-width: 800px) 100vw, 800px\" \/>\t\t\t\t\t\t\t\t<\/a>\n\t\t\t\t\t\t\t\t\t\t\t\t\t\t\t<\/div>\n\t\t\t\t<\/div>\n\t\t\t\t\t<\/div>\n\t\t<\/div>\n\t\t\t\t\t\t\t<\/div>\n\t\t<\/section>\n\t\t\t\t<section class=\"elementor-section elementor-top-section elementor-element elementor-element-fe005a6 elementor-section-boxed elementor-section-height-default elementor-section-height-default\" data-id=\"fe005a6\" data-element_type=\"section\">\n\t\t\t\t\t\t<div class=\"elementor-container elementor-column-gap-default\">\n\t\t\t\t\t<div class=\"elementor-column elementor-col-25 elementor-top-column elementor-element elementor-element-90919e7\" data-id=\"90919e7\" data-element_type=\"column\">\n\t\t\t<div class=\"elementor-widget-wrap elementor-element-populated\">\n\t\t\t\t\t\t\t\t<div class=\"elementor-element elementor-element-c08a4ab elementor-widget elementor-widget-text-editor\" data-id=\"c08a4ab\" data-element_type=\"widget\" data-widget_type=\"text-editor.default\">\n\t\t\t\t<div class=\"elementor-widget-container\">\n\t\t\t<style>\/*! elementor - v3.12.2 - 23-04-2023 *\/\n.elementor-widget-text-editor.elementor-drop-cap-view-stacked .elementor-drop-cap{background-color:#69727d;color:#fff}.elementor-widget-text-editor.elementor-drop-cap-view-framed .elementor-drop-cap{color:#69727d;border:3px solid;background-color:transparent}.elementor-widget-text-editor:not(.elementor-drop-cap-view-default) .elementor-drop-cap{margin-top:8px}.elementor-widget-text-editor:not(.elementor-drop-cap-view-default) .elementor-drop-cap-letter{width:1em;height:1em}.elementor-widget-text-editor .elementor-drop-cap{float:left;text-align:center;line-height:1;font-size:50px}.elementor-widget-text-editor .elementor-drop-cap-letter{display:inline-block}<\/style>\t\t\t\t<p><strong>Transformaci\u00f3n digital<\/strong><\/p>\t\t\t\t\t\t<\/div>\n\t\t\t\t<\/div>\n\t\t\t\t\t<\/div>\n\t\t<\/div>\n\t\t\t\t<div class=\"elementor-column elementor-col-25 elementor-top-column elementor-element elementor-element-74001d1\" data-id=\"74001d1\" data-element_type=\"column\">\n\t\t\t<div class=\"elementor-widget-wrap elementor-element-populated\">\n\t\t\t\t\t\t\t\t<div class=\"elementor-element elementor-element-d0897bd elementor-widget elementor-widget-text-editor\" data-id=\"d0897bd\" data-element_type=\"widget\" data-widget_type=\"text-editor.default\">\n\t\t\t\t<div class=\"elementor-widget-container\">\n\t\t\t\t\t\t\t<p><strong>Servicio outsourcing de profesionales de TI<\/strong><\/p>\t\t\t\t\t\t<\/div>\n\t\t\t\t<\/div>\n\t\t\t\t\t<\/div>\n\t\t<\/div>\n\t\t\t\t<div class=\"elementor-column elementor-col-25 elementor-top-column elementor-element elementor-element-8f7039d\" data-id=\"8f7039d\" data-element_type=\"column\">\n\t\t\t<div class=\"elementor-widget-wrap elementor-element-populated\">\n\t\t\t\t\t\t\t\t<div class=\"elementor-element elementor-element-63796aa elementor-widget elementor-widget-text-editor\" data-id=\"63796aa\" data-element_type=\"widget\" data-widget_type=\"text-editor.default\">\n\t\t\t\t<div class=\"elementor-widget-container\">\n\t\t\t\t\t\t\t<p><strong>Consultor\u00eda inform\u00e1tica<\/strong><\/p>\t\t\t\t\t\t<\/div>\n\t\t\t\t<\/div>\n\t\t\t\t\t<\/div>\n\t\t<\/div>\n\t\t\t\t<div class=\"elementor-column elementor-col-25 elementor-top-column elementor-element elementor-element-1f93d1c\" data-id=\"1f93d1c\" data-element_type=\"column\">\n\t\t\t<div class=\"elementor-widget-wrap elementor-element-populated\">\n\t\t\t\t\t\t\t\t<div class=\"elementor-element elementor-element-713c5b5 elementor-widget elementor-widget-text-editor\" data-id=\"713c5b5\" data-element_type=\"widget\" data-widget_type=\"text-editor.default\">\n\t\t\t\t<div class=\"elementor-widget-container\">\n\t\t\t\t\t\t\t<p><strong>Desarrollo de software<\/strong><\/p>\t\t\t\t\t\t<\/div>\n\t\t\t\t<\/div>\n\t\t\t\t\t<\/div>\n\t\t<\/div>\n\t\t\t\t\t\t\t<\/div>\n\t\t<\/section>\n\t\t\t\t<section class=\"elementor-section elementor-top-section elementor-element elementor-element-d613703 elementor-section-boxed elementor-section-height-default elementor-section-height-default\" data-id=\"d613703\" data-element_type=\"section\">\n\t\t\t\t\t\t<div class=\"elementor-container elementor-column-gap-default\">\n\t\t\t\t\t<div class=\"elementor-column elementor-col-100 elementor-top-column elementor-element elementor-element-792e583\" data-id=\"792e583\" data-element_type=\"column\">\n\t\t\t<div class=\"elementor-widget-wrap elementor-element-populated\">\n\t\t\t\t\t\t\t\t<div class=\"elementor-element elementor-element-c60939f elementor-align-right elementor-widget elementor-widget-button\" data-id=\"c60939f\" data-element_type=\"widget\" data-widget_type=\"button.default\">\n\t\t\t\t<div class=\"elementor-widget-container\">\n\t\t\t\t\t<div class=\"elementor-button-wrapper\">\n\t\t\t<a href=\"https:\/\/speednetsoluciones.com\/index.php\/soluciones-cloud\/\" class=\"elementor-button-link elementor-button elementor-size-sm\" role=\"button\">\n\t\t\t\t\t\t<span class=\"elementor-button-content-wrapper\">\n\t\t\t\t\t\t\t<span class=\"elementor-button-icon elementor-align-icon-left\">\n\t\t\t\t<i aria-hidden=\"true\" class=\"fas fa-backward\"><\/i>\t\t\t<\/span>\n\t\t\t\t\t\t<span class=\"elementor-button-text\">Volver<\/span>\n\t\t<\/span>\n\t\t\t\t\t<\/a>\n\t\t<\/div>\n\t\t\t\t<\/div>\n\t\t\t\t<\/div>\n\t\t\t\t\t<\/div>\n\t\t<\/div>\n\t\t\t\t\t\t\t<\/div>\n\t\t<\/section>\n\t\t\t\t\t\t\t<\/div>\n\t\t","protected":false},"excerpt":{"rendered":"<p>Transformaci\u00f3n digital Servicio outsourcing de profesionales de TI Consultor\u00eda inform\u00e1tica Desarrollo de software Volver<\/p>\n","protected":false},"author":2,"featured_media":0,"parent":0,"menu_order":0,"comment_status":"closed","ping_status":"closed","template":"","meta":{"footnotes":""},"_links":{"self":[{"href":"https:\/\/speednetsoluciones.com\/index.php\/wp-json\/wp\/v2\/pages\/344"}],"collection":[{"href":"https:\/\/speednetsoluciones.com\/index.php\/wp-json\/wp\/v2\/pages"}],"about":[{"href":"https:\/\/speednetsoluciones.com\/index.php\/wp-json\/wp\/v2\/types\/page"}],"author":[{"embeddable":true,"href":"https:\/\/speednetsoluciones.com\/index.php\/wp-json\/wp\/v2\/users\/2"}],"replies":[{"embeddable":true,"href":"https:\/\/speednetsoluciones.com\/index.php\/wp-json\/wp\/v2\/comments?post=344"}],"version-history":[{"count":31,"href":"https:\/\/speednetsoluciones.com\/index.php\/wp-json\/wp\/v2\/pages\/344\/revisions"}],"predecessor-version":[{"id":878,"href":"https:\/\/speednetsoluciones.com\/index.php\/wp-json\/wp\/v2\/pages\/344\/revisions\/878"}],"wp:attachment":[{"href":"https:\/\/speednetsoluciones.com\/index.php\/wp-json\/wp\/v2\/media?parent=344"}],"curies":[{"name":"wp","href":"https:\/\/api.w.org\/{rel}","templated":true}]}}